{"id":439,"date":"2025-06-19T10:51:56","date_gmt":"2025-06-19T10:51:56","guid":{"rendered":"https:\/\/gemeu.org\/?page_id=439"},"modified":"2025-09-01T06:27:01","modified_gmt":"2025-09-01T06:27:01","slug":"ovplyvnit","status":"publish","type":"page","link":"https:\/\/gemeu.org\/sk\/make-an-impact\/","title":{"rendered":"Make an impact"},"content":{"rendered":"<section class=\"bde-section-439-100 bde-section\">\n              \n  \n  \n\t\n\n  <div class=\"section-background-overlay\"><\/div>\n\n\n<div class=\"section-container\"><h1 class=\"bde-heading-439-102 bde-heading\">\nMiej realny wp\u0142yw\n<\/h1><div class=\"bde-text-439-103 bde-text\">\nZosta\u0144 wolontariuszem\n<\/div><\/div>\n<\/section><section class=\"bde-section-439-105 bde-section\">\n  \n  \n\t\n\n\n\n<div class=\"section-container\"><div class=\"bde-columns-439-127 bde-columns\"><div class=\"bde-column-439-128 bde-column\">\n  \n  \n\t\n\n\n\n<div class=\"bde-div-439-106 bde-div\">\n  \n  \n\t\n\n\n\n<h2 class=\"bde-heading-439-107 bde-heading\">\nCHCESZ WSPIERA\u0106 NASZ\u0104 MISJ\u0118? Zosta\u0144 Wolontariuszem\n<\/h2><div class=\"bde-text-439-108 bde-text\">\nBudujemy spo\u0142eczno\u015b\u0107 ludzi, kt\u00f3rzy chc\u0105 realnie pomaga\u0107 w sytuacjach kryzysowych i w d\u0142ugofalowym wsparciu. Wolontariat z nami nie oznacza wyjazd\u00f3w na misje \u2013 to gotowo\u015b\u0107 do dzia\u0142ania tam i wtedy, gdy pomoc jest najbardziej potrzebna.<br><br>Wype\u0142niaj\u0105c formularz wolontariusza, pokazujesz, \u017ce chcesz wspiera\u0107 nasz\u0105 prac\u0119 \u2013 czy to pakuj\u0105c paczki z pomoc\u0105 w magazynie, wykorzystuj\u0105c swoje umiej\u0119tno\u015bci (np. komunikacja, dokumentacja, logistyka), czy po prostu b\u0119d\u0105c w gotowo\u015bci, by pom\u00f3c, gdy zajdzie potrzeba.<br><br>To nie jest wezwanie do przygody \u2013 to wezwanie do zaanga\u017cowania, niezawodno\u015bci i empatii.<br><br>Je\u015bli to do Ciebie przemawia, zostaw swoje dane. Odezwiemy si\u0119, gdy pojawi si\u0119 potrzeba odpowiadaj\u0105ca Twojej dost\u0119pno\u015bci i kompetencjom.\n<\/div><img decoding=\"async\" class=\"bde-image2-439-131 bde-image2\" src=\"https:\/\/gemeu.org\/wp-content\/uploads\/2025\/08\/IMG_2997-scaled.jpg\" loading=\"lazy\" srcset=\"https:\/\/gemeu.org\/wp-content\/uploads\/2025\/08\/IMG_2997-scaled.jpg 2560w, https:\/\/gemeu.org\/wp-content\/uploads\/2025\/08\/IMG_2997-300x169.jpg 300w, https:\/\/gemeu.org\/wp-content\/uploads\/2025\/08\/IMG_2997-1024x576.jpg 1024w, https:\/\/gemeu.org\/wp-content\/uploads\/2025\/08\/IMG_2997-768x432.jpg 768w, https:\/\/gemeu.org\/wp-content\/uploads\/2025\/08\/IMG_2997-1536x864.jpg 1536w, https:\/\/gemeu.org\/wp-content\/uploads\/2025\/08\/IMG_2997-2048x1152.jpg 2048w, https:\/\/gemeu.org\/wp-content\/uploads\/2025\/08\/IMG_2997-18x10.jpg 18w\" sizes=\"(max-width: 2560px) 100vw, 2560px\">\n<\/div>\n<\/div><div class=\"bde-column-439-129 bde-column\">\n  \n  \n\t\n\n\n\n<div class=\"bde-form-builder-439-130 bde-form-builder\">\n\n<form id=\"volunteer-form130\" class=\"breakdance-form breakdance-form--vertical\" data-options=\"{&quot;slug&quot;:&quot;custom&quot;,&quot;name&quot;:&quot;Volunteer form&quot;,&quot;ajaxUrl&quot;:&quot;https:\\\/\\\/gemeu.org\\\/wp-admin\\\/admin-ajax.php&quot;,&quot;clearOnSuccess&quot;:true,&quot;hideOnSuccess&quot;:false,&quot;successMessage&quot;:&quot;Your message has been received!&quot;,&quot;errorMessage&quot;:&quot;Something went wrong&quot;,&quot;redirect&quot;:false,&quot;redirectUrl&quot;:&quot;&quot;,&quot;customJavaScript&quot;:&quot;&quot;,&quot;recaptcha&quot;:{&quot;key&quot;:&quot;&quot;,&quot;enabled&quot;:false},&quot;honeypot_enabled&quot;:false,&quot;popupsOnSuccess&quot;:[],&quot;popupsOnError&quot;:[]}\" data-steps=\"0\" >\n  \n  \n  \n<div class=\"breakdance-form-field breakdance-form-field--html\" >\n    \n    \n    \n    <div class=\"form-input-html\"\n    >\n  FORMULARZ WOLONTARIUSZA\n<\/div>\n\n\n    \n    \n<\/div>\n\n\n<div class=\"breakdance-form-field breakdance-form-field--html\" >\n    \n    \n    \n    <div class=\"form-input-html\"\n    >\n  DANE OSOBOWE\n<\/div>\n\n\n    \n    \n<\/div>\n\n\n<div class=\"breakdance-form-field breakdance-form-field--text\" >\n    \n    \n            <label class=\"breakdance-form-field__label\" for=\"vmranq\">\n            Imi\u0119<span class=\"breakdance-form-field__required\">*<\/span>\n        <\/label>\n    \n    <input\n    class=\"breakdance-form-field__input\"\n    id=\"vmranq\"\n    aria-describedby=\"vmranq\"\n    type=\"text\"\n    name=\"fields[vmranq]\"\n    placeholder=\"\"\n    value=\"\"\n                \n        \n        \n    required\n    \n    \n    \n    \n    \n>\n\n\n    \n    \n<\/div>\n\n\n<div class=\"breakdance-form-field breakdance-form-field--text\" >\n    \n    \n            <label class=\"breakdance-form-field__label\" for=\"qfukpf\">\n            Nazwisko<span class=\"breakdance-form-field__required\">*<\/span>\n        <\/label>\n    \n    <input\n    class=\"breakdance-form-field__input\"\n    id=\"qfukpf\"\n    aria-describedby=\"qfukpf\"\n    type=\"text\"\n    name=\"fields[qfukpf]\"\n    placeholder=\"\"\n    value=\"\"\n                \n        \n        \n    required\n    \n    \n    \n    \n    \n>\n\n\n    \n    \n<\/div>\n\n\n<div class=\"breakdance-form-field breakdance-form-field--tel\" >\n    \n    \n            <label class=\"breakdance-form-field__label\" for=\"nuaywm\">\n            Numer Telefonu<span class=\"breakdance-form-field__required\">*<\/span>\n        <\/label>\n    \n    <input\n    class=\"breakdance-form-field__input\"\n    id=\"nuaywm\"\n    aria-describedby=\"nuaywm\"\n    type=\"tel\"\n    name=\"fields[nuaywm]\"\n    placeholder=\"\"\n    value=\"\"\n                \n        \n        \n    required\n    \n    \n    \n    \n    \n>\n\n\n    \n    \n<\/div>\n\n\n<div class=\"breakdance-form-field breakdance-form-field--email\" >\n    \n    \n            <label class=\"breakdance-form-field__label\" for=\"mytqen\">\n            Email<span class=\"breakdance-form-field__required\">*<\/span>\n        <\/label>\n    \n    <input\n    class=\"breakdance-form-field__input\"\n    id=\"mytqen\"\n    aria-describedby=\"mytqen\"\n    type=\"email\"\n    name=\"fields[mytqen]\"\n    placeholder=\"\"\n    value=\"\"\n                \n        \n        \n    required\n    \n    \n    \n    \n    \n>\n\n\n    \n    \n<\/div>\n\n\n<div class=\"breakdance-form-field breakdance-form-field--text\" >\n    \n    \n            <label class=\"breakdance-form-field__label\" for=\"bszobh\">\n            KRAJ ZAMIESZKANIA<span class=\"breakdance-form-field__required\">*<\/span>\n        <\/label>\n    \n    <input\n    class=\"breakdance-form-field__input\"\n    id=\"bszobh\"\n    aria-describedby=\"bszobh\"\n    type=\"text\"\n    name=\"fields[bszobh]\"\n    placeholder=\"\"\n    value=\"\"\n                \n        \n        \n    required\n    \n    \n    \n    \n    \n>\n\n\n    \n    \n<\/div>\n\n\n<div class=\"breakdance-form-field breakdance-form-field--text\" >\n    \n    \n            <label class=\"breakdance-form-field__label\" for=\"jyslxy\">\n            MIASTO\/REGION<span class=\"breakdance-form-field__required\">*<\/span>\n        <\/label>\n    \n    <input\n    class=\"breakdance-form-field__input\"\n    id=\"jyslxy\"\n    aria-describedby=\"jyslxy\"\n    type=\"text\"\n    name=\"fields[jyslxy]\"\n    placeholder=\"\"\n    value=\"\"\n                \n        \n        \n    required\n    \n    \n    \n    \n    \n>\n\n\n    \n    \n<\/div>\n\n\n<div class=\"breakdance-form-field breakdance-form-field--text\" >\n    \n    \n            <label class=\"breakdance-form-field__label\" for=\"slyini\">\n            ZNAJOMO\u015a\u0106 J\u0118ZYK\u00d3W (opcjonalnie)\n        <\/label>\n    \n    <input\n    class=\"breakdance-form-field__input\"\n    id=\"slyini\"\n    aria-describedby=\"slyini\"\n    type=\"text\"\n    name=\"fields[slyini]\"\n    placeholder=\"\"\n    value=\"\"\n                \n        \n        \n    \n    \n    \n    \n    \n    \n>\n\n\n    \n    \n<\/div>\n\n\n<div class=\"breakdance-form-field breakdance-form-field--radio\" >\n    \n    \n    \n      <fieldset role=\"radiogroup\"\n          aria-label=\"MAM UKO\u0143CZONE 18 LAT\"\n      >\n          <legend class=\"breakdance-form-field__label\">MAM UKO\u0143CZONE 18 LAT<\/legend>\n                <div class=\"breakdance-form-radio\">\n            <input\n                type=\"radio\"\n                name=\"fields[mcfdbv][]\"\n                value=\"yes\"\n                id=\"mcfdbv-1\"\n                \n                \n                \n                            >\n            <label class=\"breakdance-form-radio__text\" for=\"mcfdbv-1\">Tak<\/label>\n        <\/div>\n            <div class=\"breakdance-form-radio\">\n            <input\n                type=\"radio\"\n                name=\"fields[mcfdbv][]\"\n                value=\"no\"\n                id=\"mcfdbv-2\"\n                \n                \n                \n                            >\n            <label class=\"breakdance-form-radio__text\" for=\"mcfdbv-2\">Nie<\/label>\n        <\/div>\n      <\/fieldset>\n\n\n    \n    \n<\/div>\n\n\n<div class=\"breakdance-form-field breakdance-form-field--html\" >\n    \n    \n    \n    <div class=\"form-input-html\"\n    >\n  JAK MO\u017bESZ POM\u00d3C\n<\/div>\n\n\n    \n    \n<\/div>\n\n\n<div class=\"breakdance-form-field breakdance-form-field--checkbox\" >\n    \n    \n    \n    <fieldset role=\"group\"\n    aria-label=\"Wybierz, w jaki spos\u00f3b chcesz nas wesprze\u0107:\"\n    >\n       <legend class=\"breakdance-form-field__label\">Wybierz, w jaki spos\u00f3b chcesz nas wesprze\u0107:<\/legend>\n          <div class=\"breakdance-form-checkbox\">\n          <input\n              type=\"checkbox\"\n              name=\"fields[dushfh][]\"\n              value=\"Packing emergency boxes (in Poland only)\"\n              id=\"dushfh-1\"\n              \n              \n                        >\n          <label class=\"breakdance-form-checkbox__text\" for=\"dushfh-1\">Pakowanie paczek pomocowych (tylko w Polsce)<\/label>\n      <\/div>\n        <div class=\"breakdance-form-checkbox\">\n          <input\n              type=\"checkbox\"\n              name=\"fields[dushfh][]\"\n              value=\"Transport\"\n              id=\"dushfh-2\"\n              \n              \n                        >\n          <label class=\"breakdance-form-checkbox__text\" for=\"dushfh-2\">Transport<\/label>\n      <\/div>\n        <div class=\"breakdance-form-checkbox\">\n          <input\n              type=\"checkbox\"\n              name=\"fields[dushfh][]\"\n              value=\" Remote support\"\n              id=\"dushfh-3\"\n              \n              \n                        >\n          <label class=\"breakdance-form-checkbox__text\" for=\"dushfh-3\">Wsparcie zdalne<\/label>\n      <\/div>\n        <div class=\"breakdance-form-checkbox\">\n          <input\n              type=\"checkbox\"\n              name=\"fields[dushfh][]\"\n              value=\"Providing aid\"\n              id=\"dushfh-4\"\n              \n              \n                        >\n          <label class=\"breakdance-form-checkbox__text\" for=\"dushfh-4\">Udzielanie pomocy<\/label>\n      <\/div>\n        <div class=\"breakdance-form-checkbox\">\n          <input\n              type=\"checkbox\"\n              name=\"fields[dushfh][]\"\n              value=\"Warehouse support\"\n              id=\"dushfh-5\"\n              \n              \n                        >\n          <label class=\"breakdance-form-checkbox__text\" for=\"dushfh-5\">Pomoc w Magazynie<\/label>\n      <\/div>\n        <div class=\"breakdance-form-checkbox\">\n          <input\n              type=\"checkbox\"\n              name=\"fields[dushfh][]\"\n              value=\"Fundraising & awareness\"\n              id=\"dushfh-6\"\n              \n              \n                        >\n          <label class=\"breakdance-form-checkbox__text\" for=\"dushfh-6\">Fundraising i dzia\u0142ania informacyjne<\/label>\n      <\/div>\n        <div class=\"breakdance-form-checkbox\">\n          <input\n              type=\"checkbox\"\n              name=\"fields[dushfh][]\"\n              value=\"Media & communication\"\n              id=\"dushfh-7\"\n              \n              \n                        >\n          <label class=\"breakdance-form-checkbox__text\" for=\"dushfh-7\">Media i komunikacja<\/label>\n      <\/div>\n        <div class=\"breakdance-form-checkbox\">\n          <input\n              type=\"checkbox\"\n              name=\"fields[dushfh][]\"\n              value=\" Skilled help (e.g. medical, psychological)\"\n              id=\"dushfh-8\"\n              \n              \n                        >\n          <label class=\"breakdance-form-checkbox__text\" for=\"dushfh-8\">Wsparcie specjalistyczne (np. medyczne, psychologiczne)<\/label>\n      <\/div>\n  <\/fieldset>\n\n\n\n    \n    \n<\/div>\n\n\n<div class=\"breakdance-form-field breakdance-form-field--textarea\" >\n    \n    \n            <label class=\"breakdance-form-field__label\" for=\"qisgzz\">\n            Inne umiej\u0119tno\u015bci (opcjonalnie)\n        <\/label>\n    \n    <textarea\n    class=\"breakdance-form-field__input\"\n    id=\"qisgzz\"\n    aria-describedby=\"qisgzz\"\n    type=\"textarea\"\n    name=\"fields[qisgzz]\"\n        placeholder=\"\"\n    \n    \n    \n    >\n<\/textarea>\n\n\n    \n    \n<\/div>\n\n\n<div class=\"breakdance-form-field breakdance-form-field--checkbox breakdance-form-field__hide-label\" >\n    \n    \n    \n    <fieldset role=\"group\"\n    aria-label=\"Checkbox\"\n    >\n       <legend class=\"breakdance-form-field__label\">Checkbox<span class=\"breakdance-form-field__required\">*<\/span><\/legend>\n          <div class=\"breakdance-form-checkbox\">\n          <input\n              type=\"checkbox\"\n              name=\"fields[lgoprf]\"\n              value=\"Wyra\u017cam zgod\u0119 na przetwarzanie moich danych zgodnie z polityk\u0105 prywatno\u015bci.\"\n              id=\"lgoprf-1\"\n              \n              \n                        >\n          <label class=\"breakdance-form-checkbox__text\" for=\"lgoprf-1\">Wyra\u017cam zgod\u0119 na przetwarzanie moich danych zgodnie z polityk\u0105 prywatno\u015bci.<\/label>\n      <\/div>\n  <\/fieldset>\n\n\n\n    \n    \n<\/div><div class=\"breakdance-form-field breakdance-form-footer\">    \n    \n    \n    \n    \n            \n            <button type=\"submit\" class=\"button-atom button-atom--primary breakdance-form-button breakdance-form-button__submit\"  >\n    \n        <span class=\"button-atom__text\">Wy\u015blij<\/span>\n\n        \n        \n            <\/button>\n    \n    <input type=\"hidden\" name=\"form_id\" value=\"130\">\n    <input type=\"hidden\" name=\"post_id\" value=\"439\">\n<\/div>\n\n  \n<\/form>\n\n\n<\/div>\n<\/div><\/div><a class=\"bde-container-link-439-132 bde-container-link breakdance-link\" href=\"https:\/\/gemeu.org\/ways-to-give\/\" target=\"_self\" data-type=\"url\">\n  \n  \n\t\n\n\n\n<img decoding=\"async\" class=\"bde-image2-439-134 bde-image2\" src=\"https:\/\/gemeu.org\/wp-content\/uploads\/2025\/08\/WaysToGive-Button.jpg\" loading=\"lazy\" srcset=\"https:\/\/gemeu.org\/wp-content\/uploads\/2025\/08\/WaysToGive-Button.jpg 1480w, https:\/\/gemeu.org\/wp-content\/uploads\/2025\/08\/WaysToGive-Button-300x53.jpg 300w, https:\/\/gemeu.org\/wp-content\/uploads\/2025\/08\/WaysToGive-Button-1024x180.jpg 1024w, https:\/\/gemeu.org\/wp-content\/uploads\/2025\/08\/WaysToGive-Button-768x135.jpg 768w, https:\/\/gemeu.org\/wp-content\/uploads\/2025\/08\/WaysToGive-Button-18x3.jpg 18w\" sizes=\"(max-width: 1480px) 100vw, 1480px\"><img decoding=\"async\" class=\"bde-image2-439-139 bde-image2\" src=\"https:\/\/gemeu.org\/wp-content\/uploads\/2025\/07\/Group-1-1.png\" loading=\"lazy\" srcset=\"https:\/\/gemeu.org\/wp-content\/uploads\/2025\/07\/Group-1-1.png 400w, https:\/\/gemeu.org\/wp-content\/uploads\/2025\/07\/Group-1-1-300x195.png 300w\" sizes=\"(max-width: 400px) 100vw, 400px\"><div class=\"bde-div-439-138 bde-div\">\n  \n  \n\t\n\n\n\n<h3 class=\"bde-heading-439-135 bde-heading\">\nJAK MO\u017bESZ POM\u00d3C\n<\/h3><div class=\"bde-text-439-136 bde-text\">\nDAROWIZNY I WSP\u00d3\u0141PRACA\n<\/div><img decoding=\"async\" class=\"bde-image2-439-137 bde-image2\" src=\"https:\/\/gemeu.org\/wp-content\/uploads\/2025\/06\/Group-512834.svg\" loading=\"lazy\">\n<\/div>\n\n<\/a><\/div>\n<\/section>","protected":false},"excerpt":{"rendered":"<p>Miej realny wp\u0142yw Zosta\u0144 wolontariuszem CHCESZ WSPIERA\u0106 NASZ\u0104 MISJ\u0118? Zosta\u0144 Wolontariuszem Budujemy spo\u0142eczno\u015b\u0107 ludzi, kt\u00f3rzy chc\u0105 realnie pomaga\u0107 w sytuacjach kryzysowych i w d\u0142ugofalowym wsparciu. Wolontariat z nami nie oznacza wyjazd\u00f3w na misje \u2013 to gotowo\u015b\u0107 do dzia\u0142ania tam i wtedy, gdy pomoc jest najbardziej potrzebna.Wype\u0142niaj\u0105c formularz wolontariusza, pokazujesz, \u017ce chcesz wspiera\u0107 nasz\u0105 prac\u0119 \u2013 [&hellip;]<\/p>\n","protected":false},"author":1,"featured_media":0,"parent":0,"menu_order":0,"comment_status":"closed","ping_status":"closed","template":"","meta":{"_acf_changed":false,"_breakdance_hide_in_design_set":false,"_breakdance_tags":"","footnotes":""},"class_list":["post-439","page","type-page","status-publish","hentry"],"acf":[],"_links":{"self":[{"href":"https:\/\/gemeu.org\/sk\/wp-json\/wp\/v2\/pages\/439","targetHints":{"allow":["GET"]}}],"collection":[{"href":"https:\/\/gemeu.org\/sk\/wp-json\/wp\/v2\/pages"}],"about":[{"href":"https:\/\/gemeu.org\/sk\/wp-json\/wp\/v2\/types\/page"}],"author":[{"embeddable":true,"href":"https:\/\/gemeu.org\/sk\/wp-json\/wp\/v2\/users\/1"}],"replies":[{"embeddable":true,"href":"https:\/\/gemeu.org\/sk\/wp-json\/wp\/v2\/comments?post=439"}],"version-history":[{"count":57,"href":"https:\/\/gemeu.org\/sk\/wp-json\/wp\/v2\/pages\/439\/revisions"}],"predecessor-version":[{"id":2785,"href":"https:\/\/gemeu.org\/sk\/wp-json\/wp\/v2\/pages\/439\/revisions\/2785"}],"wp:attachment":[{"href":"https:\/\/gemeu.org\/sk\/wp-json\/wp\/v2\/media?parent=439"}],"curies":[{"name":"wp","href":"https:\/\/api.w.org\/{rel}","templated":true}]}}