{"id":436,"date":"2025-06-19T10:51:45","date_gmt":"2025-06-19T10:51:45","guid":{"rendered":"https:\/\/gemeu.org\/?page_id=436"},"modified":"2025-08-28T10:15:13","modified_gmt":"2025-08-28T10:15:13","slug":"sposoby-darovania","status":"publish","type":"page","link":"https:\/\/gemeu.org\/sk\/ways-to-give\/","title":{"rendered":"Ways to give"},"content":{"rendered":"<section class=\"bde-section-436-100 bde-section\">\n              \n  \n  \n\t\n\n  <div class=\"section-background-overlay\"><\/div>\n\n\n<div class=\"section-container\"><h1 class=\"bde-heading-436-101 bde-heading\">\nJak Mo\u017cesz pom\u00f3c\n<\/h1><div class=\"bde-text-436-102 bde-text\">\nDarowizny i Wsp\u00f3\u0142praca\n<\/div><\/div>\n<\/section><section class=\"bde-section-436-103 bde-section\">\n  \n  \n\t\n\n\n\n<div class=\"section-container\"><div class=\"bde-columns-436-104 bde-columns\"><div class=\"bde-column-436-105 bde-column\">\n  \n  \n\t\n\n\n\n<div class=\"bde-div-436-118 bde-div\">\n  \n  \n\t\n\n\n\n<h2 class=\"bde-heading-436-119 bde-heading\">\nWesprzyj jednorazowo <br>lub co miesi\u0105c\n<\/h2><div class=\"bde-text-436-120 bde-text\">\nMo\u017cesz przekaza\u0107 darowizn\u0119 jednorazowo albo ustawi\u0107 comiesi\u0119czne wsparcie, kt\u00f3re pozwoli nam kontynuowa\u0107 dzia\u0142ania. Regularne wp\u0142aty pomagaj\u0105 nam planowa\u0107 i reagowa\u0107 natychmiast, gdy pojawiaj\u0105 si\u0119 kryzysy. Nawet niewielka\u00a0miesi\u0119czna kwota mo\u017ce z czasem zrobi\u0107 wielk\u0105 r\u00f3\u017cnic\u0119.\n<\/div>\n<\/div><div class=\"bde-div-436-121 bde-div\">\n  \n  \n\t\n\n\n\n<div class=\"bde-div-436-124 bde-div\">\n  \n  \n\t\n\n\n\n<h1 class=\"bde-heading-436-122 bde-heading\">\nPodziel si\u0119 linkiem do wp\u0142at\n<\/h1><a id=\"copy-link\" class=\"bde-text-link-436-123 bde-text-link breakdance-link\" href=\"www.globalempowermentmission.org\/pl\/ways-to-give\/\" target=\"_self\" data-type=\"url\">\n  www.globalempowermentmission.org\/pl\/ways-to-give\/\n\n<\/a>\n<\/div><div class=\"bde-div-436-125 bde-div\">\n  \n  \n\t\n\n\n\n<div class=\"bde-code-block-436-209 bde-code-block\">\n\n  <button id=\"copy-button\" class=\"breakdance-link button-atom button-atom--custom bde-button__button\"><span class=\"button-atom__text\">KOPIUJ LINK<\/span><\/button>\n\n\n<\/div>\n<\/div>\n<\/div><div class=\"bde-div-436-131 bde-div\">\n  \n  \n\t\n\n\n\n<h2 class=\"bde-heading-436-132 bde-heading\">\nGet a tax benefit when you donate \u2013 Tax deduction info\n<\/h2><div class=\"bde-text-436-133 bde-text\">\nIn many countries, your donation to GEM Europe may qualify for a tax deduction. This means you can support a vital cause while also receiving financial benefits. Check out our detailed tax information to see how it applies in your country or region.\n<\/div><div class=\"bde-button-436-134 bde-button\">\n        \n    \n    \n    \n    \n            \n                    \n            \n            \n\n    \n    \n    \n    \n    \n    <a class=\"breakdance-link button-atom button-atom--custom bde-button__button\" href=\"https:\/\/gemeu.org\/sk\/ways-to-give\/\" target=\"_self\" data-type=\"url\"  >\n\n    \n        <span class=\"button-atom__text\">Read more<\/span>\n\n        \n        \n                <\/a>\n\n    \n\n\n<\/div>\n<\/div><img decoding=\"async\" class=\"bde-image2-436-208 bde-image2\" src=\"https:\/\/gemeu.org\/wp-content\/uploads\/2025\/07\/image-115.png\" loading=\"lazy\" srcset=\"https:\/\/gemeu.org\/wp-content\/uploads\/2025\/07\/image-115.png 620w, https:\/\/gemeu.org\/wp-content\/uploads\/2025\/07\/image-115-300x178.png 300w\" sizes=\"(max-width: 620px) 100vw, 620px\">\n<\/div><div class=\"bde-column-436-207 bde-column\">\n  \n  \n\t\n\n\n\n<div id=\"support-section\" class=\"bde-shortcode-436-206 bde-shortcode\">        <div class=\"charity-donation-section\">\n            <div class=\"donation-progress\">\n                <h3>Wesprzyj nas<\/h3>\n            <\/div>\n            \n            <div class=\"donation-form-container\">\n                <form id=\"donation-form\" class=\"donation-form\">\n                    <input type=\"hidden\" name=\"mission_id\" value=\"0\">\n                    <input type=\"hidden\" name=\"is_general_donation\" value=\"1\">\n                    \n                    <div class=\"section-header\">\n                        <label class=\"section-label\">WYBIERZ TYP DAROWIZNY:<\/label>\n                    <\/div>\n                    <div class=\"donation-type-tabs\">\n                        <button type=\"button\" class=\"tab-button active\" data-type=\"one_time\">jednorazowo<\/button>\n                                                <button type=\"button\" class=\"tab-button\" data-type=\"recurring\">miesi\u0119cznie<\/button>\n                                            <\/div>\n                    \n                    <div class=\"amount-section\">\n                        <label class=\"donation-amount-label\" for=\"donation-amount\">Wybierz darowizn\u0119 lub wprowad\u017a niestandardow\u0105 kwot\u0119:<\/label>\n                        <div class=\"amount-buttons\">\n                                                        <button type=\"button\" class=\"amount-btn\" data-amount=\"25\">25\u20ac<\/button>\n                                                        <button type=\"button\" class=\"amount-btn\" data-amount=\"50\">50\u20ac<\/button>\n                                                        <button type=\"button\" class=\"amount-btn\" data-amount=\"100\">100\u20ac<\/button>\n                                                        <button type=\"button\" class=\"amount-btn\" data-amount=\"250\">250\u20ac<\/button>\n                                                    <\/div>\n                        <div class=\"custom-amount\">\n                            <span class=\"currency-symbol\">\u20ac<\/span>\n                            <input type=\"number\" id=\"donation-amount\" name=\"amount\" min=\"2\" step=\"0.01\" placeholder=\"2\" required>\n                        <\/div>\n                        <small class=\"min-amount-note\">Minimalna darowizna: 2\u20ac<\/small>\n                    <\/div>\n                    \n                    <div class=\"donor-info\">\n                        <h4>Twoje dane:<\/h4>\n                        <div class=\"form-row\">\n                            <div class=\"form-group\">\n                                <label for=\"donor-name\">Imi\u0119 i nazwisko *<\/label>\n                                <input type=\"text\" id=\"donor-name\" name=\"donor_name\" required>\n                            <\/div>\n                            <div class=\"form-group\">\n                                <label for=\"donor-email\">Adres e-mail *<\/label>\n                                <input type=\"email\" id=\"donor-email\" name=\"donor_email\" required>\n                            <\/div>\n                        <\/div>\n                        <div class=\"form-row\">\n                            <div class=\"form-group\">\n                                <label for=\"donor-currency\">Waluta p\u0142atno\u015bci *<\/label>\n                                <select id=\"donor-currency\" name=\"donor_currency\" required>\n                                    <option value=\"\">Wybierz walut\u0119<\/option>\n                                    <option value=\"pln\">Polski Z\u0142oty (PLN)<\/option>\n                                    <option value=\"eur\">Euro (EUR)<\/option>\n                                    <option value=\"usd\">Dolar Ameryka\u0144ski (USD)<\/option>\n                                    <option value=\"gbp\">Funt Brytyjski (GBP)<\/option>\n                                    <option value=\"chf\">Frank Szwajcarski (CHF)<\/option>\n                                    <option value=\"nok\">Korona Norweska (NOK)<\/option>\n                                    <option value=\"sek\">Korona Szwedzka (SEK)<\/option>\n                                    <option value=\"dkk\">Korona Du\u0144ska (DKK)<\/option>\n                                    <option value=\"czk\">Korona Czeska (CZK)<\/option>\n                                    <option value=\"huf\">Forint W\u0119gierski (HUF)<\/option>\n                                <\/select>\n                            <\/div>\n                        <\/div>\n                    <\/div>\n                    \n                    <div class=\"payment-section\">\n                        <h4><\/h4>\n                        <div id=\"card-element\" class=\"card-element\">\n                            <!-- Stripe Elements will create form elements here -->\n                        <\/div>\n                        <div id=\"card-errors\" class=\"card-errors\" role=\"alert\"><\/div>\n                    <\/div>\n                    \n                    <div class=\"form-actions\">\n                        <button type=\"submit\" id=\"submit-donation\" class=\"donate-btn\">\n                            <span class=\"btn-text\">Przeka\u017c darowizn\u0119 teraz<\/span>\n                            <span class=\"btn-amount\"><\/span>\n                        <\/button>\n                        \n                        <div class=\"security-notice\">\n                            <small>\ud83d\udd12 Twoja p\u0142atno\u015b\u0107 jest bezpieczna i zaszyfrowana<\/small>\n                        <\/div>\n                    <\/div>\n                <\/form>\n                \n                <div id=\"donation-result\" class=\"donation-result\" style=\"display: none;\">\n                    <div class=\"result-content\">\n                        <div class=\"success-message\">\n                            <div class=\"success-icon\">\ud83c\udf89<\/div>\n                            <h3>Dzi\u0119kujemy za hojn\u0105 darowizn\u0119!<\/h3>\n                            <div class=\"donation-summary\">\n                                <div class=\"donation-amount\">\n                                    <span class=\"amount-label\">Kwota:<\/span>\n                                    <span class=\"amount-value\">\u20ac0.00<\/span>\n                                <\/div>\n                                <div class=\"donation-type\">\n                                    <span class=\"type-label\">Typ:<\/span>\n                                    <span class=\"type-value\">Jednorazowa<\/span>\n                                <\/div>\n                                <div class=\"mission-name\">\n                                    <span class=\"mission-label\">Wspieranie:<\/span>\n                                    <span class=\"mission-value\">Darowizna og\u00f3lna<\/span>\n                                <\/div>\n                            <\/div>\n                            <p class=\"thank-you-message\">Tw\u00f3j wk\u0142ad ma realny wp\u0142yw na nasz\u0105 misj\u0119. Jeste\u015bmy niezmiernie wdzi\u0119czni za Twoje wsparcie i hojno\u015b\u0107.<\/p>\n                            <div class=\"next-steps\">\n                                <p><strong>Co dalej?<\/strong><\/p>\n                                <ul>\n                                    <li>\ud83d\udce7 Wkr\u00f3tce otrzymasz wiadomo\u015b\u0107 e-mail z potwierdzeniem<\/li>\n                                    <li>\ud83d\udcb0 Twoja darowizna zostanie natychmiast przeznaczona na prac\u0119<\/li>\n                                    <li class=\"recurring-note\" style=\"display: none;\">\ud83d\udcb3 Przysz\u0142e p\u0142atno\u015bci b\u0119d\u0105 przetwarzane automatycznie co miesi\u0105c<\/li>\n                                <\/ul>\n                            <\/div>\n                            <div class=\"action-buttons\">\n                                <button type=\"button\" class=\"btn btn-primary try-again-btn\">Przeka\u017c kolejn\u0105 darowizn\u0119<\/button>\n                                <button type=\"button\" class=\"btn btn-secondary share-btn\">Udost\u0119pnij nasz\u0105 misj\u0119<\/button>\n                            <\/div>\n                        <\/div>\n                        <div class=\"error-message\">\n                            <div class=\"error-icon\">\u274c<\/div>\n                            <h3>Co\u015b posz\u0142o nie tak<\/h3>\n                            <div class=\"error-details\">\n                                <p class=\"error-text\"><\/p>\n                            <\/div>\n                            <div class=\"error-actions\">\n                                <button type=\"button\" class=\"try-again-btn\">Spr\u00f3buj ponownie<\/button>\n                            <\/div>\n                            <div class=\"help-info\">\n                                <p><small>\ud83d\udca1 <strong>Potrzebujesz pomocy?<\/strong> Sprawd\u017a dane swojej karty i spr\u00f3buj ponownie. Je\u015bli problem b\u0119dzie si\u0119 powtarza\u0142, skontaktuj si\u0119 ze swoim bankiem lub spr\u00f3buj innej metody p\u0142atno\u015bci.<\/small><\/p>\n                            <\/div>\n                        <\/div>\n                    <\/div>\n                <\/div>\n            <\/div>\n        <\/div>\n        <\/div>\n<\/div><\/div><div class=\"bde-div-436-135 bde-div\">\n  \n  \n\t\n\n\n\n<h2 class=\"bde-heading-436-136 bde-heading\">\nWsparcie w nag\u0142ych sytuacjach\n<\/h2><div class=\"bde-div-436-137 bde-div\">\n  \n  \n\t\n\n\n\n<div class=\"bde-div-436-138 bde-div\">\n  \n  \n\t\n\n\n\n<div class=\"bde-text-436-139 bde-text\">\nTRZ\u0118SIENIE ZIEMI W MJANMIE I TAJLANDII\n<\/div><div class=\"bde-text-436-152 bde-text\">\nMisja w toku\n<\/div><div class=\"bde-div-436-157 bde-div\">\n  \n  \n\t\n\n\n\n<div class=\"bde-button-436-158 bde-button\">\n        \n    \n    \n    \n    \n            \n                    \n            \n            \n\n    \n    \n    \n    \n    \n    <a class=\"breakdance-link button-atom button-atom--primary bde-button__button\" href=\"https:\/\/gemeu.org\/missions\/myanmar-thailand-earthquake\/\" target=\"_self\" data-type=\"url\"  >\n\n    \n        <span class=\"button-atom__text\">Wesprzyj NAS<\/span>\n\n        \n        \n                <\/a>\n\n    \n\n\n<\/div><div class=\"bde-button-436-159 bde-button\">\n        \n    \n    \n    \n    \n            \n                    \n            \n            \n\n    \n    \n    \n    \n    \n    <a class=\"breakdance-link button-atom button-atom--custom bde-button__button\" href=\"https:\/\/gemeu.org\/missions\/myanmar-thailand-earthquake\/\" target=\"_self\" data-type=\"url\"  >\n\n    \n        <span class=\"button-atom__text\">Wi\u0119cej<\/span>\n\n        \n        \n                <\/a>\n\n    \n\n\n<\/div>\n<\/div>\n<\/div>\n<\/div>\n<\/div><\/div>\n<\/section><section class=\"bde-section-436-184 bde-section\">\n  \n  \n\t\n\n\n\n<div class=\"section-container\"><div class=\"bde-columns-436-185 bde-columns\"><div class=\"bde-column-436-186 bde-column\">\n  \n  \n\t\n\n\n\n<div class=\"bde-form-builder-436-192 bde-form-builder\">\n\n<form id=\"volunteer-form192\" class=\"breakdance-form breakdance-form--vertical\" data-options=\"{&quot;slug&quot;:&quot;custom&quot;,&quot;name&quot;:&quot;Volunteer form&quot;,&quot;ajaxUrl&quot;:&quot;https:\\\/\\\/gemeu.org\\\/wp-admin\\\/admin-ajax.php&quot;,&quot;clearOnSuccess&quot;:true,&quot;hideOnSuccess&quot;:false,&quot;successMessage&quot;:&quot;Your message has been received!&quot;,&quot;errorMessage&quot;:&quot;Something went wrong&quot;,&quot;redirect&quot;:false,&quot;redirectUrl&quot;:&quot;&quot;,&quot;customJavaScript&quot;:&quot;&quot;,&quot;recaptcha&quot;:{&quot;key&quot;:&quot;&quot;,&quot;enabled&quot;:false},&quot;honeypot_enabled&quot;:false,&quot;popupsOnSuccess&quot;:[],&quot;popupsOnError&quot;:[]}\" data-steps=\"0\" >\n  \n  \n  \n<div class=\"breakdance-form-field breakdance-form-field--html\" >\n    \n    \n    \n    <div class=\"form-input-html\"\n    >\n  Formularz kontaktowy\n<\/div>\n\n\n    \n    \n<\/div>\n\n\n<div class=\"breakdance-form-field breakdance-form-field--text\" >\n    \n    \n            <label class=\"breakdance-form-field__label\" for=\"vmranq\">\n            IMI\u0118<span class=\"breakdance-form-field__required\">*<\/span>\n        <\/label>\n    \n    <input\n    class=\"breakdance-form-field__input\"\n    id=\"vmranq\"\n    aria-describedby=\"vmranq\"\n    type=\"text\"\n    name=\"fields[vmranq]\"\n    placeholder=\"John...\"\n    value=\"\"\n                \n        \n        \n    required\n    \n    \n    \n    \n    \n>\n\n\n    \n    \n<\/div>\n\n\n<div class=\"breakdance-form-field breakdance-form-field--text\" >\n    \n    \n            <label class=\"breakdance-form-field__label\" for=\"qfukpf\">\n            NAZWISKO<span class=\"breakdance-form-field__required\">*<\/span>\n        <\/label>\n    \n    <input\n    class=\"breakdance-form-field__input\"\n    id=\"qfukpf\"\n    aria-describedby=\"qfukpf\"\n    type=\"text\"\n    name=\"fields[qfukpf]\"\n    placeholder=\"Smith...\"\n    value=\"\"\n                \n        \n        \n    required\n    \n    \n    \n    \n    \n>\n\n\n    \n    \n<\/div>\n\n\n<div class=\"breakdance-form-field breakdance-form-field--tel\" >\n    \n    \n            <label class=\"breakdance-form-field__label\" for=\"nuaywm\">\n            NUMER TELEFONU<span class=\"breakdance-form-field__required\">*<\/span>\n        <\/label>\n    \n    <input\n    class=\"breakdance-form-field__input\"\n    id=\"nuaywm\"\n    aria-describedby=\"nuaywm\"\n    type=\"tel\"\n    name=\"fields[nuaywm]\"\n    placeholder=\"+48 123 456 789\"\n    value=\"\"\n                \n        \n        \n    required\n    \n    \n    \n    \n    \n>\n\n\n    \n    \n<\/div>\n\n\n<div class=\"breakdance-form-field breakdance-form-field--email\" >\n    \n    \n            <label class=\"breakdance-form-field__label\" for=\"mytqen\">\n            Email<span class=\"breakdance-form-field__required\">*<\/span>\n        <\/label>\n    \n    <input\n    class=\"breakdance-form-field__input\"\n    id=\"mytqen\"\n    aria-describedby=\"mytqen\"\n    type=\"email\"\n    name=\"fields[mytqen]\"\n    placeholder=\"johnsmith@mail.com\"\n    value=\"\"\n                \n        \n        \n    required\n    \n    \n    \n    \n    \n>\n\n\n    \n    \n<\/div>\n\n\n<div class=\"breakdance-form-field breakdance-form-field--html\" >\n    \n    \n    \n    <div class=\"form-input-html\"\n    >\n  \n<\/div>\n\n\n    \n    \n<\/div>\n\n\n<div class=\"breakdance-form-field breakdance-form-field--html\" >\n    \n    \n    \n    <div class=\"form-input-html\"\n    >\n  \n<\/div>\n\n\n    \n    \n<\/div>\n\n\n<div class=\"breakdance-form-field breakdance-form-field--text\" >\n    \n    \n            <label class=\"breakdance-form-field__label\" for=\"bsfgru\">\n            NAZWA FIRMY (opcjonalnie)\n        <\/label>\n    \n    <input\n    class=\"breakdance-form-field__input\"\n    id=\"bsfgru\"\n    aria-describedby=\"bsfgru\"\n    type=\"text\"\n    name=\"fields[bsfgru]\"\n    placeholder=\"\"\n    value=\"\"\n                \n        \n        \n    \n    \n    \n    \n    \n    \n>\n\n\n    \n    \n<\/div>\n\n\n<div class=\"breakdance-form-field breakdance-form-field--text\" >\n    \n    \n            <label class=\"breakdance-form-field__label\" for=\"xrjnet\">\n            Strona internetowa (opcjonalnie)\n        <\/label>\n    \n    <input\n    class=\"breakdance-form-field__input\"\n    id=\"xrjnet\"\n    aria-describedby=\"xrjnet\"\n    type=\"text\"\n    name=\"fields[xrjnet]\"\n    placeholder=\"\"\n    value=\"\"\n                \n        \n        \n    \n    \n    \n    \n    \n    \n>\n\n\n    \n    \n<\/div>\n\n\n<div class=\"breakdance-form-field breakdance-form-field--text\" >\n    \n    \n            <label class=\"breakdance-form-field__label\" for=\"rdbbaq\">\n            Stanowisko (opcjonalnie)\n        <\/label>\n    \n    <input\n    class=\"breakdance-form-field__input\"\n    id=\"rdbbaq\"\n    aria-describedby=\"rdbbaq\"\n    type=\"text\"\n    name=\"fields[rdbbaq]\"\n    placeholder=\"\"\n    value=\"\"\n                \n        \n        \n    \n    \n    \n    \n    \n    \n>\n\n\n    \n    \n<\/div>\n\n\n<div class=\"breakdance-form-field breakdance-form-field--textarea\" >\n    \n    \n            <label class=\"breakdance-form-field__label\" for=\"qisgzz\">\n            Inne umiej\u0119tno\u015bci (opcjonalnie)\n        <\/label>\n    \n    <textarea\n    class=\"breakdance-form-field__input\"\n    id=\"qisgzz\"\n    aria-describedby=\"qisgzz\"\n    type=\"textarea\"\n    name=\"fields[qisgzz]\"\n        placeholder=\"\"\n    \n    \n    \n    >\n<\/textarea>\n\n\n    \n    \n<\/div><div class=\"breakdance-form-field breakdance-form-footer\">    \n    \n    \n    \n    \n            \n            <button type=\"submit\" class=\"button-atom button-atom--primary breakdance-form-button breakdance-form-button__submit\"  >\n    \n        <span class=\"button-atom__text\">Wy\u015blij<\/span>\n\n        \n        \n            <\/button>\n    \n    <input type=\"hidden\" name=\"form_id\" value=\"192\">\n    <input type=\"hidden\" name=\"post_id\" value=\"436\">\n<\/div>\n\n  \n<\/form>\n\n\n<\/div>\n<\/div><div class=\"bde-column-436-187 bde-column\">\n  \n  \n\t\n\n\n\n<h2 class=\"bde-heading-436-188 bde-heading\">\nInne formy wsparcia \u2013 pieni\u0105dze lub rzeczy\n<\/h2><div class=\"bde-text-436-189 bde-text\">\nDarowizny pieni\u0119\u017cne s\u0105 niezb\u0119dne, ale istniej\u0105 te\u017c inne wa\u017cne sposoby pomocy. Dary rzeczowe i wsparcie materialne odgrywaj\u0105 kluczow\u0105 rol\u0119 w naszych dzia\u0142aniach pomocowych.<br>Je\u015bli Ty lub Twoja organizacja chcieliby\u015bcie wesprze\u0107 nas w ten spos\u00f3b, z przyjemno\u015bci\u0105 porozmawiamy i om\u00f3wimy mo\u017cliwo\u015bci wsp\u00f3\u0142pracy.\n<\/div><h2 class=\"bde-heading-436-190 bde-heading\">\nProwadzisz firm\u0119? Chcesz wesprze\u0107 nasz\u0105 misj\u0119?\n<\/h2><div class=\"bde-text-436-191 bde-text\">\nNawi\u0105\u017c z nami wsp\u00f3\u0142prac\u0119 i pom\u00f3\u017c realnie zmienia\u0107 \u015bwiat. Niezale\u017cnie od tego, czy jeste\u015b lokaln\u0105 firm\u0105, czy globaln\u0105 mark\u0105 \u2013 Twoje wsparcie pozwoli nam reagowa\u0107 szybciej i dociera\u0107 do wi\u0119kszej liczby potrzebuj\u0105cych w kryzysie.<br>Wype\u0142nij formularz kontaktowy, a nasz zesp\u00f3\u0142 wkr\u00f3tce si\u0119 z Tob\u0105 skontaktuje, aby przedstawi\u0107 mo\u017cliwo\u015bci wsp\u00f3\u0142pracy.\n<\/div>\n<\/div><\/div><a class=\"bde-container-link-436-112 bde-container-link breakdance-link\" href=\"https:\/\/gemeu.org\/make-an-impact\/\" target=\"_self\" data-type=\"url\">\n  \n  \n\t\n\n\n\n<img decoding=\"async\" class=\"bde-image2-436-113 bde-image2\" src=\"https:\/\/gemeu.org\/wp-content\/uploads\/2025\/06\/Group-1-2.png\" loading=\"lazy\" srcset=\"https:\/\/gemeu.org\/wp-content\/uploads\/2025\/06\/Group-1-2.png 1480w, https:\/\/gemeu.org\/wp-content\/uploads\/2025\/06\/Group-1-2-300x53.png 300w, https:\/\/gemeu.org\/wp-content\/uploads\/2025\/06\/Group-1-2-1024x180.png 1024w, https:\/\/gemeu.org\/wp-content\/uploads\/2025\/06\/Group-1-2-768x135.png 768w\" sizes=\"(max-width: 1480px) 100vw, 1480px\"><img decoding=\"async\" class=\"bde-image2-436-205 bde-image2\" src=\"https:\/\/gemeu.org\/wp-content\/uploads\/2025\/07\/Group-1.png\" loading=\"lazy\" srcset=\"https:\/\/gemeu.org\/wp-content\/uploads\/2025\/07\/Group-1.png 400w, https:\/\/gemeu.org\/wp-content\/uploads\/2025\/07\/Group-1-300x200.png 300w\" sizes=\"(max-width: 400px) 100vw, 400px\"><div class=\"bde-div-436-114 bde-div\">\n  \n  \n\t\n\n\n\n<h3 class=\"bde-heading-436-115 bde-heading\">\nRazem mo\u017cemy wi\u0119cej\n<\/h3><div class=\"bde-text-436-116 bde-text\">\nDo\u0142\u0105cz jako wolontariusz\n<\/div><img decoding=\"async\" class=\"bde-image2-436-117 bde-image2\" src=\"https:\/\/gemeu.org\/wp-content\/uploads\/2025\/06\/Group-512834.svg\" loading=\"lazy\">\n<\/div>\n\n<\/a><\/div>\n<\/section>","protected":false},"excerpt":{"rendered":"<p>Jak Mo\u017cesz pom\u00f3c Darowizny i Wsp\u00f3\u0142praca Wesprzyj jednorazowo lub co miesi\u0105c Mo\u017cesz przekaza\u0107 darowizn\u0119 jednorazowo albo ustawi\u0107 comiesi\u0119czne wsparcie, kt\u00f3re pozwoli nam kontynuowa\u0107 dzia\u0142ania. Regularne wp\u0142aty pomagaj\u0105 nam planowa\u0107 i reagowa\u0107 natychmiast, gdy pojawiaj\u0105 si\u0119 kryzysy. Nawet niewielka\u00a0miesi\u0119czna kwota mo\u017ce z czasem zrobi\u0107 wielk\u0105 r\u00f3\u017cnic\u0119. Podziel si\u0119 linkiem do wp\u0142at www.globalempowermentmission.org\/pl\/ways-to-give\/ KOPIUJ LINK Get a [&hellip;]<\/p>\n","protected":false},"author":1,"featured_media":0,"parent":0,"menu_order":0,"comment_status":"closed","ping_status":"closed","template":"","meta":{"_acf_changed":false,"_breakdance_hide_in_design_set":false,"_breakdance_tags":"","footnotes":""},"class_list":["post-436","page","type-page","status-publish","hentry"],"acf":[],"_links":{"self":[{"href":"https:\/\/gemeu.org\/sk\/wp-json\/wp\/v2\/pages\/436","targetHints":{"allow":["GET"]}}],"collection":[{"href":"https:\/\/gemeu.org\/sk\/wp-json\/wp\/v2\/pages"}],"about":[{"href":"https:\/\/gemeu.org\/sk\/wp-json\/wp\/v2\/types\/page"}],"author":[{"embeddable":true,"href":"https:\/\/gemeu.org\/sk\/wp-json\/wp\/v2\/users\/1"}],"replies":[{"embeddable":true,"href":"https:\/\/gemeu.org\/sk\/wp-json\/wp\/v2\/comments?post=436"}],"version-history":[{"count":67,"href":"https:\/\/gemeu.org\/sk\/wp-json\/wp\/v2\/pages\/436\/revisions"}],"predecessor-version":[{"id":2759,"href":"https:\/\/gemeu.org\/sk\/wp-json\/wp\/v2\/pages\/436\/revisions\/2759"}],"wp:attachment":[{"href":"https:\/\/gemeu.org\/sk\/wp-json\/wp\/v2\/media?parent=436"}],"curies":[{"name":"wp","href":"https:\/\/api.w.org\/{rel}","templated":true}]}}